{"id":1248,"date":"2021-08-27T10:15:18","date_gmt":"2021-08-27T10:15:18","guid":{"rendered":"https:\/\/thehall-cowork.com\/?page_id=1248"},"modified":"2022-02-02T16:43:20","modified_gmt":"2022-02-02T16:43:20","slug":"politica-de-cookies","status":"publish","type":"page","link":"https:\/\/thehall-cowork.com\/index.php\/politica-de-cookies\/","title":{"rendered":"Pol\u00edtica de cookies"},"content":{"rendered":"\t\t<div data-elementor-type=\"wp-page\" data-elementor-id=\"1248\" class=\"elementor elementor-1248\">\n\t\t\t\t\t\t\t\t\t<section class=\"elementor-section elementor-top-section elementor-element elementor-element-c60f35d elementor-section-boxed elementor-section-height-default elementor-section-height-default\" data-id=\"c60f35d\" data-element_type=\"section\">\n\t\t\t\t\t\t<div class=\"elementor-container elementor-column-gap-default\">\n\t\t\t\t\t<div class=\"elementor-column elementor-col-100 elementor-top-column elementor-element elementor-element-c4cc968\" data-id=\"c4cc968\" data-element_type=\"column\">\n\t\t\t<div class=\"elementor-widget-wrap elementor-element-populated\">\n\t\t\t\t\t\t\t\t<div class=\"elementor-element elementor-element-afe4df5 elementor-widget elementor-widget-spacer\" data-id=\"afe4df5\" data-element_type=\"widget\" data-widget_type=\"spacer.default\">\n\t\t\t\t<div class=\"elementor-widget-container\">\n\t\t\t<style>\/*! elementor - v3.6.5 - 27-04-2022 *\/\n.e-container.e-container--row .elementor-spacer-inner{width:var(--spacer-size)}.e-container.e-container--column .elementor-spacer-inner,.elementor-column .elementor-spacer-inner{height:var(--spacer-size)}<\/style>\t\t<div class=\"elementor-spacer\">\n\t\t\t<div class=\"elementor-spacer-inner\"><\/div>\n\t\t<\/div>\n\t\t\t\t<\/div>\n\t\t\t\t<\/div>\n\t\t\t\t\t<\/div>\n\t\t<\/div>\n\t\t\t\t\t\t\t<\/div>\n\t\t<\/section>\n\t\t\t\t<section class=\"elementor-section elementor-top-section elementor-element elementor-element-278ba64 elementor-section-boxed elementor-section-height-default elementor-section-height-default\" data-id=\"278ba64\" data-element_type=\"section\">\n\t\t\t\t\t\t<div class=\"elementor-container elementor-column-gap-default\">\n\t\t\t\t\t<div class=\"elementor-column elementor-col-100 elementor-top-column elementor-element elementor-element-6fd62c7\" data-id=\"6fd62c7\" data-element_type=\"column\">\n\t\t\t<div class=\"elementor-widget-wrap elementor-element-populated\">\n\t\t\t\t\t\t\t\t<div class=\"elementor-element elementor-element-41eee61 elementor-widget elementor-widget-heading\" data-id=\"41eee61\" data-element_type=\"widget\" data-widget_type=\"heading.default\">\n\t\t\t\t<div class=\"elementor-widget-container\">\n\t\t\t<style>\/*! elementor - v3.6.5 - 27-04-2022 *\/\n.elementor-heading-title{padding:0;margin:0;line-height:1}.elementor-widget-heading .elementor-heading-title[class*=elementor-size-]>a{color:inherit;font-size:inherit;line-height:inherit}.elementor-widget-heading .elementor-heading-title.elementor-size-small{font-size:15px}.elementor-widget-heading .elementor-heading-title.elementor-size-medium{font-size:19px}.elementor-widget-heading .elementor-heading-title.elementor-size-large{font-size:29px}.elementor-widget-heading .elementor-heading-title.elementor-size-xl{font-size:39px}.elementor-widget-heading .elementor-heading-title.elementor-size-xxl{font-size:59px}<\/style><h2 class=\"elementor-heading-title elementor-size-default\">Pol\u00edtica de cookies<\/h2>\t\t<\/div>\n\t\t\t\t<\/div>\n\t\t\t\t\t<\/div>\n\t\t<\/div>\n\t\t\t\t\t\t\t<\/div>\n\t\t<\/section>\n\t\t\t\t<section class=\"elementor-section elementor-top-section elementor-element elementor-element-1bab6fb elementor-section-boxed elementor-section-height-default elementor-section-height-default\" data-id=\"1bab6fb\" data-element_type=\"section\">\n\t\t\t\t\t\t<div class=\"elementor-container elementor-column-gap-default\">\n\t\t\t\t\t<div class=\"elementor-column elementor-col-100 elementor-top-column elementor-element elementor-element-135498e\" data-id=\"135498e\" data-element_type=\"column\">\n\t\t\t<div class=\"elementor-widget-wrap elementor-element-populated\">\n\t\t\t\t\t\t\t\t<div class=\"elementor-element elementor-element-c694d82 elementor-widget elementor-widget-text-editor\" data-id=\"c694d82\" data-element_type=\"widget\" data-widget_type=\"text-editor.default\">\n\t\t\t\t<div class=\"elementor-widget-container\">\n\t\t\t<style>\/*! elementor - v3.6.5 - 27-04-2022 *\/\n.elementor-widget-text-editor.elementor-drop-cap-view-stacked .elementor-drop-cap{background-color:#818a91;color:#fff}.elementor-widget-text-editor.elementor-drop-cap-view-framed .elementor-drop-cap{color:#818a91;border:3px solid;background-color:transparent}.elementor-widget-text-editor:not(.elementor-drop-cap-view-default) .elementor-drop-cap{margin-top:8px}.elementor-widget-text-editor:not(.elementor-drop-cap-view-default) .elementor-drop-cap-letter{width:1em;height:1em}.elementor-widget-text-editor .elementor-drop-cap{float:left;text-align:center;line-height:1;font-size:50px}.elementor-widget-text-editor .elementor-drop-cap-letter{display:inline-block}<\/style>\t\t\t\t<p><span lang=\"de-DE\">Versi<\/span><span lang=\"es-ES-u-co-trad\">\u00f3<\/span>n\u00a0<span lang=\"es-ES-u-co-trad\">02. Fecha 26<\/span>.<span lang=\"es-ES-u-co-trad\">01<\/span>.<span lang=\"es-ES-u-co-trad\">2021<\/span><\/p><p>No te preocupes: las cookies son algo muy sencillo y que todas las webs necesitan para funcionar. Aqu\u00ed te explicamos qu\u00e9 son las cookies y c\u00f3mo las utilizamos en nuestra web.<\/p><h2>\u00bfQu\u00e9 son las cookies?<\/h2><p>Una cookie es un fichero que se descarga para almacenar y recuperar datos de un equipo terminal en el ordenador o equipo inform\u00e1tico del usuario, al acceder a determinadas p\u00e1ginas web que se archiva en el disco duro o en la memoria temporal, y retiene datos del usuario y sobre la navegaci\u00f3n que se efect\u00faa desde ese equipo, y que permiten acciones como recordar contrase\u00f1a o elaborar consultas m\u00e1s r\u00e1pidas.<\/p><p>El usuario puede borrar las cookies de su disco duro siempre que lo desee, o bloquear la recogida de la informaci\u00f3n. Si no desea que las cookies sean almacenadas, deber\u00e1 configurarse el navegador web para tal uso. En caso de no almacenarlas, algunas funcionalidades de The Hall Coworking pueden no estar disponibles, pero s\u00ed se podr\u00e1 navegar por la web. La informaci\u00f3n es \u00fanicamente para el uso particular de The Hall Coworking, no revelando ni compartiendo esta informaci\u00f3n con terceros.<\/p><p>La informaci\u00f3n que esta Web almacena en su equipo mediante este mecanismo consiste \u00fanicamente en un n\u00famero que identifica a un usuario, adem\u00e1s de preferencias como el idioma de navegaci\u00f3n preferido, y la fecha en la que se deposit\u00f3 la cookie. Esto permitir\u00e1 reconocerle en sus pr\u00f3ximas visitas a nuestro sitio Web. Las cookies nos ayudan a mejorar nuestro sitio Web y a prestar un servicio mejor y m\u00e1s personalizado. En concreto, nos permiten:<\/p><p>&#8211; Hacer una estimaci\u00f3n sobre n\u00fameros y patrones de uso. <br \/>&#8211; Almacenar informaci\u00f3n acerca de tus preferencias y personalizar nuestro sitio web de conformidad con tus intereses individuales. <br \/>&#8211; Acelerar tus b\u00fasquedas. <br \/>&#8211; Reconocerte cuando regreses de nuevo a nuestro sitio, siempre que accedas desde el ordenador donde te has validado como socio con tu nombre y contrase\u00f1a.<br \/>&#8211; Para analizar la navegaci\u00f3n de usuarios (estad\u00edsticas de navegaci\u00f3n). La aplicaci\u00f3n utilizada para obtener y analizar la informaci\u00f3n de la navegaci\u00f3n es: Google Analytics: www.google.com\/analytics y http:\/\/www.google.es\/intl\/es\/analytics\/privacyoverview.html <br \/>Esta herramienta no obtiene datos de los nombres o apellidos ni de la direcci\u00f3n postal desde donde se conectan ni cualquier otro dato personal identificativo del usuario.<\/p><p>La informaci\u00f3n que obtiene est\u00e1 relacionada con el n\u00famero de p\u00e1ginas visitas, el idioma, red social en la que se publican nuestras noticias, la ciudad a la que est\u00e1 asignada la direcci\u00f3n IP desde la que acceden los usuarios, el n\u00famero de usuarios que nos visitan, la frecuencia y reincidencia de las visitas, el tiempo de visita, el navegador que usan, el operador o tipo de terminal desde el que se realiza la visita. Esta informaci\u00f3n la utilizamos para mejorar nuestras p\u00e1ginas, detectar nuevas necesidades y valorar las mejoras a introducir con la finalidad de prestar un mejor servicio a los usuarios que nos visitan, adapt\u00e1ndolas por ejemplo a los navegadores o terminales m\u00e1s utilizados.<\/p><h2>\u00bfQu\u00e9 tipos de cookies utiliza The Hall Coworking?<\/h2><table width=\"564\" cellspacing=\"0\" cellpadding=\"5\"><tbody><tr valign=\"bottom\"><td style=\"background: #fcfcfc;\" bgcolor=\"#fcfcfc\" width=\"96\" height=\"22\"><p align=\"justify\"><span style=\"color: #000000;\"><span style=\"font-family: Arial, serif;\"><span style=\"font-size: small;\"><span style=\"font-family: Helvetica Neue, serif;\"><span lang=\"es-ES-u-co-trad\"><b>TIPOS DE COOKIES<\/b><\/span><\/span><\/span><\/span><\/span><\/p><\/td><td style=\"background: #fcfcfc;\" bgcolor=\"#fcfcfc\" width=\"77\">\u00a0<\/td><td style=\"background: #fcfcfc;\" bgcolor=\"#fcfcfc\" width=\"359\"><p align=\"justify\"><span style=\"color: #000000;\"><span style=\"font-family: Arial, serif;\"><span style=\"font-size: small;\"><span style=\"font-family: Helvetica Neue, serif;\"><span lang=\"es-ES-u-co-trad\"><b>PROP\u00d3SITO DE ESTE TIPO DE COOKIES<\/b><\/span><\/span><\/span><\/span><\/span><\/p><\/td><\/tr><tr valign=\"bottom\"><td style=\"background: #ffffff;\" bgcolor=\"#ffffff\" width=\"96\" height=\"170\"><p align=\"justify\"><span style=\"color: #000000;\"><span style=\"font-family: Arial, serif;\"><span style=\"font-size: small;\"><span style=\"font-family: Helvetica Neue, serif;\"><span lang=\"es-ES-u-co-trad\">Cookies Sesi\u00f3n<\/span><\/span><\/span><\/span><\/span><\/p><\/td><td style=\"background: #ffffff;\" bgcolor=\"#ffffff\" width=\"77\"><p align=\"justify\"><span style=\"color: #000000;\"><span style=\"font-family: Arial, serif;\"><span style=\"font-size: small;\"><span style=\"font-family: Helvetica Neue, serif;\"><span lang=\"es-ES-u-co-trad\">Propias<\/span><\/span><\/span><\/span><\/span><\/p><\/td><td style=\"background: #ffffff;\" bgcolor=\"#ffffff\" width=\"359\"><p align=\"justify\"><span style=\"color: #000000;\"><span style=\"font-family: Arial, serif;\"><span style=\"font-size: small;\"><span style=\"font-family: Helvetica Neue, serif;\"><span lang=\"es-ES-u-co-trad\">Las cookies propias son necesarias para mostrar correctamente la p\u00e1gina web y garantizar el correcto funcionamiento del sitio.<\/span><\/span> <span style=\"font-family: Helvetica Neue, serif;\"><span lang=\"es-ES-u-co-trad\">Estas cookies est\u00e1n relacionadas con la sesi\u00f3n del usuario y el login.<\/span><\/span><span style=\"font-family: PMingLiU, serif;\"><span lang=\"es-ES-u-co-trad\"><br \/><\/span><\/span><span style=\"font-family: Helvetica Neue, serif;\"><span lang=\"es-ES-u-co-trad\">Recoge el valor relativo a la Aceptaci\u00f3n de cookies por parte del navegador utilizado por el usuario de la p\u00e1gina web, que permanecen en el archivo de cookies del navegador mientras est\u00e1s en nuestra p\u00e1gina web. Es decir, est\u00e1n activas mientras dura la visita a este sitio web y por lo tanto son borradas de tu ordenador al abandonarlo.<\/span><\/span><\/span><\/span><\/span><\/p><\/td><\/tr><tr valign=\"bottom\"><td style=\"background: #fcfcfc;\" bgcolor=\"#fcfcfc\" width=\"96\" height=\"135\"><p align=\"justify\"><span style=\"color: #000000;\"><span style=\"font-family: Arial, serif;\"><span style=\"font-size: small;\"><span style=\"font-family: Helvetica Neue, serif;\"><span lang=\"es-ES-u-co-trad\">Cookies anal\u00edticas<\/span><\/span><\/span><\/span><\/span><\/p><\/td><td style=\"background: #fcfcfc;\" bgcolor=\"#fcfcfc\" width=\"77\"><p align=\"justify\"><span style=\"color: #000000;\"><span style=\"font-family: Arial, serif;\"><span style=\"font-size: small;\"><span style=\"font-family: Helvetica Neue, serif;\"><span lang=\"es-ES-u-co-trad\">Google Analytics<\/span><\/span><\/span><\/span><\/span><\/p><\/td><td style=\"background: #fcfcfc;\" bgcolor=\"#fcfcfc\" width=\"359\"><p align=\"justify\"><span style=\"color: #000000;\"><span style=\"font-family: Arial, serif;\"><span style=\"font-size: small;\"><span style=\"font-family: Helvetica Neue, serif;\"><span lang=\"es-ES-u-co-trad\">Estas cookies se utilizan para analizar el comportamiento de los usuarios de forma agregada y an\u00f3nima incluyendo el n\u00famero de visitantes a la web y sus distintas p\u00e1ginas, la procedencia de las visita, d\u00eda y hora, plataforma, palabras de b\u00fasqueda que utiliza un usuario para encontrar su contenido deseado. De esta forma The Hall Coworking se sirve de un medio de gran utilidad para poder introducir mejoras en el sitio web y saber qu\u00e9 contenido o dise\u00f1o es m\u00e1s relevante para el usuario.<\/span><\/span><\/span><\/span><\/span><\/p><\/td><\/tr><tr valign=\"bottom\"><td style=\"background: #ffffff;\" bgcolor=\"#ffffff\" width=\"96\" height=\"38\"><p align=\"justify\"><span style=\"color: #000000;\"><span style=\"font-family: Arial, serif;\"><span style=\"font-size: small;\"><span style=\"font-family: Helvetica Neue, serif;\"><span lang=\"es-ES-u-co-trad\">Cookies Publicitarias<\/span><\/span><\/span><\/span><\/span><\/p><\/td><td style=\"background: #ffffff;\" bgcolor=\"#ffffff\" width=\"77\"><p align=\"justify\"><span style=\"color: #000000;\"><span style=\"font-family: Arial, serif;\"><span style=\"font-size: small;\"><span style=\"font-family: Helvetica Neue, serif;\"><span lang=\"es-ES-u-co-trad\">Google &amp; Carbon<\/span><\/span><\/span><\/span><\/span><\/p><\/td><td style=\"background: #ffffff;\" bgcolor=\"#ffffff\" width=\"359\"><p align=\"justify\"><span style=\"color: #000000;\"><span style=\"font-family: Arial, serif;\"><span style=\"font-size: small;\"><span style=\"font-family: Helvetica Neue, serif;\"><span lang=\"es-ES-u-co-trad\">Cookies que permiten la gesti\u00f3n de los espacios publicitarios en base a criterios como el contenido editado o la frecuencia en que se muestran los anuncios<\/span><\/span><\/span><\/span><\/span><\/p><\/td><\/tr><\/tbody><\/table>\t\t\t\t\t\t<\/div>\n\t\t\t\t<\/div>\n\t\t\t\t\t<\/div>\n\t\t<\/div>\n\t\t\t\t\t\t\t<\/div>\n\t\t<\/section>\n\t\t\t\t<section class=\"elementor-section elementor-top-section elementor-element elementor-element-a981769 elementor-section-boxed elementor-section-height-default elementor-section-height-default\" data-id=\"a981769\" data-element_type=\"section\">\n\t\t\t\t\t\t<div class=\"elementor-container elementor-column-gap-default\">\n\t\t\t\t\t<div class=\"elementor-column elementor-col-100 elementor-top-column elementor-element elementor-element-2fa42df\" data-id=\"2fa42df\" data-element_type=\"column\">\n\t\t\t<div class=\"elementor-widget-wrap elementor-element-populated\">\n\t\t\t\t\t\t\t\t<div class=\"elementor-element elementor-element-ddc71c2 elementor-widget elementor-widget-text-editor\" data-id=\"ddc71c2\" data-element_type=\"widget\" data-widget_type=\"text-editor.default\">\n\t\t\t\t<div class=\"elementor-widget-container\">\n\t\t\t\t\t\t\t<h2>\u00bfC\u00f3mo puedes configurar tus cookies?<\/h2><p>Cuando acceda al sitio de The Hall Coworking por primera vez, podr\u00e1 gestionar el consentimiento de las cookies en la ventana emergente sobre el uso de las mismas y haciendo clic en el bot\u00f3n o enlace opci\u00f3n: &#8220;Preferencia&#8221;.<\/p><p>Al navegar y continuar en nuestro sitio web, estar\u00e1s consintiendo el uso de las cookies en las condiciones contenidas en la presente Pol\u00edtica de Cookies. Como usuario, tienes la posibilidad de ejercer tu derecho a bloquear, eliminar y rechazar el uso de cookies, en todo momento, modificando las opciones del navegador; por ejemplo:<\/p><p><strong>Internet Explorer:<\/strong> Herramientas&gt; Opciones de Internet&gt; privacidad&gt; Configuraci\u00f3n. Para m\u00e1s informaci\u00f3n, puedes consultar el apoyo de Microsoft o la Ayuda del navegador.<\/p><p><strong>Mozilla Firefox:<\/strong> Herramientas&gt; Opciones&gt; Privacidad&gt; Historial&gt; Configuraci\u00f3n Personalizada. Para m\u00e1s informaci\u00f3n, puedes consultar el apoyo de Mozilla o la Ayuda del navegador.<\/p><p><strong>Google Chrome:<\/strong> Configuraci\u00f3n&gt; Mostrar opciones avanzadas&gt; Privacidad -&gt; Configuraci\u00f3n de contenido. Para m\u00e1s informaci\u00f3n, puedes consultar el apoyo de Google o la Ayuda del navegador.<\/p><p><strong>Safari<\/strong>: Preferencias&gt; Seguridad. Para m\u00e1s informaci\u00f3n, puedes consultar el soporte de Apple o la Ayuda del navegador.<\/p><p><strong>Opera<\/strong>: Configuraci\u00f3n&gt; Opciones&gt; Avanzado&gt; Cookies Para m\u00e1s informaci\u00f3n, puedes consultar el apoyo de Opera o la Ayuda del navegador.<br \/>Si utilizas otro navegador distinto de los anteriores, consulta su pol\u00edtica de instalaci\u00f3n, uso y bloqueo de cookies.<br \/>Adem\u00e1s, la mayor\u00eda de las redes publicitarias le ofrecen la posibilidad de excluirse de la publicidad dirigida. Si desea obtener m\u00e1s informaci\u00f3n, visite http:\/\/www.aboutads.info\/choices o https:\/\/www.youronlinechoices.com.<\/p><h2>\u00bfQu\u00e9 pasa si se desactivan las cookies?<\/h2><p>Algunas funcionalidades de los Servicios o \u00e1reas de este sitio web podr\u00edan no funcionar.<\/p><h2>\u00bfActualizamos nuestra pol\u00edtica de cookies?<\/h2><p>Es posible que actualicemos la Pol\u00edtica de cookies de nuestra p\u00e1gina web, por ello, te recomendamos revisar esta Pol\u00edtica cada vez que accedas a nuestro sitio web, con el objetivo de estar adecuadamente informado sobre c\u00f3mo y por qu\u00e9 utilizamos las cookies.<\/p>\t\t\t\t\t\t<\/div>\n\t\t\t\t<\/div>\n\t\t\t\t\t<\/div>\n\t\t<\/div>\n\t\t\t\t\t\t\t<\/div>\n\t\t<\/section>\n\t\t\t\t\t\t\t<\/div>\n\t\t","protected":false},"excerpt":{"rendered":"<p>Pol\u00edtica de cookies Versi\u00f3n\u00a002. Fecha 26.01.2021 No te preocupes: las cookies son algo muy sencillo y que todas las webs necesitan para funcionar. Aqu\u00ed te explicamos qu\u00e9 son las cookies y c\u00f3mo las utilizamos en nuestra web. \u00bfQu\u00e9 son las cookies? Una cookie es un fichero que se descarga para almacenar y recuperar datos de &hellip;<\/p>\n<p class=\"read-more\"> <a class=\"\" href=\"https:\/\/thehall-cowork.com\/index.php\/politica-de-cookies\/\"> <span class=\"screen-reader-text\">Pol\u00edtica de cookies<\/span> Llegeix m\u00e9s &raquo;<\/a><\/p>\n","protected":false},"author":1,"featured_media":0,"parent":0,"menu_order":0,"comment_status":"closed","ping_status":"closed","template":"","meta":{"footnotes":""},"class_list":["post-1248","page","type-page","status-publish","hentry"],"yoast_head":"<!-- This site is optimized with the Yoast SEO plugin v18.9 - https:\/\/yoast.com\/wordpress\/plugins\/seo\/ -->\n<title>Pol\u00edtica de cookies - The HALL cowork<\/title>\n<meta name=\"robots\" content=\"index, follow, max-snippet:-1, max-image-preview:large, max-video-preview:-1\" \/>\n<link rel=\"canonical\" href=\"https:\/\/thehall-cowork.com\/index.php\/politica-de-cookies\/\" \/>\n<meta property=\"og:locale\" content=\"ca_ES\" \/>\n<meta property=\"og:type\" content=\"article\" \/>\n<meta property=\"og:title\" content=\"Pol\u00edtica de cookies - The HALL cowork\" \/>\n<meta property=\"og:description\" content=\"Pol\u00edtica de cookies Versi\u00f3n\u00a002. Fecha 26.01.2021 No te preocupes: las cookies son algo muy sencillo y que todas las webs necesitan para funcionar. Aqu\u00ed te explicamos qu\u00e9 son las cookies y c\u00f3mo las utilizamos en nuestra web. \u00bfQu\u00e9 son las cookies? Una cookie es un fichero que se descarga para almacenar y recuperar datos de &hellip; Pol\u00edtica de cookies Llegeix m\u00e9s &raquo;\" \/>\n<meta property=\"og:url\" content=\"https:\/\/thehall-cowork.com\/index.php\/politica-de-cookies\/\" \/>\n<meta property=\"og:site_name\" content=\"The HALL cowork\" \/>\n<meta property=\"article:modified_time\" content=\"2022-02-02T16:43:20+00:00\" \/>\n<meta name=\"twitter:card\" content=\"summary_large_image\" \/>\n<meta name=\"twitter:label1\" content=\"Temps estimat de lectura\" \/>\n\t<meta name=\"twitter:data1\" content=\"6 minuts\" \/>\n<script type=\"application\/ld+json\" class=\"yoast-schema-graph\">{\"@context\":\"https:\/\/schema.org\",\"@graph\":[{\"@type\":\"WebSite\",\"@id\":\"https:\/\/thehall-cowork.com\/#website\",\"url\":\"https:\/\/thehall-cowork.com\/\",\"name\":\"The HALL cowork\",\"description\":\"El mejor coworking en Terrassa.\",\"potentialAction\":[{\"@type\":\"SearchAction\",\"target\":{\"@type\":\"EntryPoint\",\"urlTemplate\":\"https:\/\/thehall-cowork.com\/?s={search_term_string}\"},\"query-input\":\"required name=search_term_string\"}],\"inLanguage\":\"ca\"},{\"@type\":\"WebPage\",\"@id\":\"https:\/\/thehall-cowork.com\/index.php\/politica-de-cookies\/#webpage\",\"url\":\"https:\/\/thehall-cowork.com\/index.php\/politica-de-cookies\/\",\"name\":\"Pol\u00edtica de cookies - The HALL cowork\",\"isPartOf\":{\"@id\":\"https:\/\/thehall-cowork.com\/#website\"},\"datePublished\":\"2021-08-27T10:15:18+00:00\",\"dateModified\":\"2022-02-02T16:43:20+00:00\",\"breadcrumb\":{\"@id\":\"https:\/\/thehall-cowork.com\/index.php\/politica-de-cookies\/#breadcrumb\"},\"inLanguage\":\"ca\",\"potentialAction\":[{\"@type\":\"ReadAction\",\"target\":[\"https:\/\/thehall-cowork.com\/index.php\/politica-de-cookies\/\"]}]},{\"@type\":\"BreadcrumbList\",\"@id\":\"https:\/\/thehall-cowork.com\/index.php\/politica-de-cookies\/#breadcrumb\",\"itemListElement\":[{\"@type\":\"ListItem\",\"position\":1,\"name\":\"Inici\",\"item\":\"https:\/\/thehall-cowork.com\/\"},{\"@type\":\"ListItem\",\"position\":2,\"name\":\"Pol\u00edtica de cookies\"}]}]}<\/script>\n<!-- \/ Yoast SEO plugin. -->","yoast_head_json":{"title":"Pol\u00edtica de cookies - The HALL cowork","robots":{"index":"index","follow":"follow","max-snippet":"max-snippet:-1","max-image-preview":"max-image-preview:large","max-video-preview":"max-video-preview:-1"},"canonical":"https:\/\/thehall-cowork.com\/index.php\/politica-de-cookies\/","og_locale":"ca_ES","og_type":"article","og_title":"Pol\u00edtica de cookies - The HALL cowork","og_description":"Pol\u00edtica de cookies Versi\u00f3n\u00a002. Fecha 26.01.2021 No te preocupes: las cookies son algo muy sencillo y que todas las webs necesitan para funcionar. Aqu\u00ed te explicamos qu\u00e9 son las cookies y c\u00f3mo las utilizamos en nuestra web. \u00bfQu\u00e9 son las cookies? Una cookie es un fichero que se descarga para almacenar y recuperar datos de &hellip; Pol\u00edtica de cookies Llegeix m\u00e9s &raquo;","og_url":"https:\/\/thehall-cowork.com\/index.php\/politica-de-cookies\/","og_site_name":"The HALL cowork","article_modified_time":"2022-02-02T16:43:20+00:00","twitter_card":"summary_large_image","twitter_misc":{"Temps estimat de lectura":"6 minuts"},"schema":{"@context":"https:\/\/schema.org","@graph":[{"@type":"WebSite","@id":"https:\/\/thehall-cowork.com\/#website","url":"https:\/\/thehall-cowork.com\/","name":"The HALL cowork","description":"El mejor coworking en Terrassa.","potentialAction":[{"@type":"SearchAction","target":{"@type":"EntryPoint","urlTemplate":"https:\/\/thehall-cowork.com\/?s={search_term_string}"},"query-input":"required name=search_term_string"}],"inLanguage":"ca"},{"@type":"WebPage","@id":"https:\/\/thehall-cowork.com\/index.php\/politica-de-cookies\/#webpage","url":"https:\/\/thehall-cowork.com\/index.php\/politica-de-cookies\/","name":"Pol\u00edtica de cookies - The HALL cowork","isPartOf":{"@id":"https:\/\/thehall-cowork.com\/#website"},"datePublished":"2021-08-27T10:15:18+00:00","dateModified":"2022-02-02T16:43:20+00:00","breadcrumb":{"@id":"https:\/\/thehall-cowork.com\/index.php\/politica-de-cookies\/#breadcrumb"},"inLanguage":"ca","potentialAction":[{"@type":"ReadAction","target":["https:\/\/thehall-cowork.com\/index.php\/politica-de-cookies\/"]}]},{"@type":"BreadcrumbList","@id":"https:\/\/thehall-cowork.com\/index.php\/politica-de-cookies\/#breadcrumb","itemListElement":[{"@type":"ListItem","position":1,"name":"Inici","item":"https:\/\/thehall-cowork.com\/"},{"@type":"ListItem","position":2,"name":"Pol\u00edtica de cookies"}]}]}},"_links":{"self":[{"href":"https:\/\/thehall-cowork.com\/index.php\/wp-json\/wp\/v2\/pages\/1248","targetHints":{"allow":["GET"]}}],"collection":[{"href":"https:\/\/thehall-cowork.com\/index.php\/wp-json\/wp\/v2\/pages"}],"about":[{"href":"https:\/\/thehall-cowork.com\/index.php\/wp-json\/wp\/v2\/types\/page"}],"author":[{"embeddable":true,"href":"https:\/\/thehall-cowork.com\/index.php\/wp-json\/wp\/v2\/users\/1"}],"replies":[{"embeddable":true,"href":"https:\/\/thehall-cowork.com\/index.php\/wp-json\/wp\/v2\/comments?post=1248"}],"version-history":[{"count":13,"href":"https:\/\/thehall-cowork.com\/index.php\/wp-json\/wp\/v2\/pages\/1248\/revisions"}],"predecessor-version":[{"id":1718,"href":"https:\/\/thehall-cowork.com\/index.php\/wp-json\/wp\/v2\/pages\/1248\/revisions\/1718"}],"wp:attachment":[{"href":"https:\/\/thehall-cowork.com\/index.php\/wp-json\/wp\/v2\/media?parent=1248"}],"curies":[{"name":"wp","href":"https:\/\/api.w.org\/{rel}","templated":true}]}}